{"id":4102,"date":"2015-04-29T14:31:07","date_gmt":"2015-04-29T13:31:07","guid":{"rendered":"http:\/\/miami.heliotropion.fr\/?page_id=4102"},"modified":"2015-11-02T19:20:04","modified_gmt":"2015-11-02T18:20:04","slug":"fotografie","status":"publish","type":"page","link":"https:\/\/www.heliotropion.fr\/it\/fotografie\/","title":{"rendered":"Image IT"},"content":{"rendered":"[vc_row full_width=&#8221;stretch_row&#8221; parallax=&#8221;on&#8221; el_class=&#8221;bottomzero&#8221; background_style=&#8221;color&#8221; contentcolorclass=&#8221;darkonlight&#8221; background_color=&#8221;#ffffff&#8221; parfactor=&#8221;5&#8243; overlay_color=&#8221;rgba(255,255,255,0.5)&#8221; toppadding=&#8221;0&#8243; bottompadding=&#8221;112&#8243; videoaspectratio=&#8221;800:450&#8243; overlay=&#8221;on&#8221; noise=&#8221;off&#8221;][vc_column][vc_column_text]\n<h1>Galeries d&#8217;images<\/h1>\n<p><code>S\u00e9lectionner une des images avec votre dispositif de pointage afin d'ouvrir une des collections.<\/code>[\/vc_column_text][\/vc_column][\/vc_row][vc_row parallax=&#8221;on&#8221; el_class=&#8221;bottomzero&#8221; background_style=&#8221;color&#8221; contentcolorclass=&#8221;darkonlight&#8221; background_color=&#8221;#ffffff&#8221; parfactor=&#8221;5&#8243; overlay_color=&#8221;rgba(255,255,255,0.5)&#8221; toppadding=&#8221;0&#8243; bottompadding=&#8221;112&#8243; videoaspectratio=&#8221;800:450&#8243; overlay=&#8221;on&#8221; noise=&#8221;off&#8221;][vc_column width=&#8221;1\/2&#8243;][vc_text_separator title=&#8221;Direct Radio&#8221; border_width=&#8221;2&#8243; element_type=&#8221;div&#8221; font_weight=&#8221;100&#8243; el_class=&#8221;specialH4&#8243;][vc_single_image image=&#8221;4228&#8243; img_size=&#8221;475X317&#8243; style=&#8221;vc_box_border&#8221; border_color=&#8221;black&#8221; img_hover=&#8221;blurr-invert&#8221; lightbox_gallery=&#8221;4228,4225,4222,4219,4216,4213,4210,4207,4204,4201,4198&#8243; img_caption=&#8221;Cliquer pour visionner&#8221;][\/vc_column][vc_column width=&#8221;1\/2&#8243;][vc_text_separator title=&#8221;Etude pour une chor\u00e9graphie urbaine&#8221; border_width=&#8221;2&#8243; element_type=&#8221;div&#8221; font_weight=&#8221;100&#8243;][vc_single_image image=&#8221;4394&#8243; img_size=&#8221;475X317&#8243; style=&#8221;vc_box_border&#8221; border_color=&#8221;black&#8221; img_hover=&#8221;blurr-invert&#8221; lightbox_gallery=&#8221;4418,4415,4412,4409,4406,4403,4400,4397,4394&#8243; img_caption=&#8221;Cliquer pour visionner&#8221;][\/vc_column][\/vc_row][vc_row parallax=&#8221;on&#8221; el_class=&#8221;bottomzero&#8221; background_style=&#8221;color&#8221; contentcolorclass=&#8221;darkonlight&#8221; background_color=&#8221;#ffffff&#8221; parfactor=&#8221;5&#8243; overlay_color=&#8221;rgba(255,255,255,0.5)&#8221; toppadding=&#8221;0&#8243; bottompadding=&#8221;112&#8243; videoaspectratio=&#8221;800:450&#8243; overlay=&#8221;on&#8221; noise=&#8221;off&#8221;][vc_column width=&#8221;1\/2&#8243;][vc_text_separator title=&#8221;ELEM DO&#8221; border_width=&#8221;2&#8243; element_type=&#8221;div&#8221; font_weight=&#8221;100&#8243;][vc_single_image image=&#8221;4363&#8243; img_size=&#8221;475X317&#8243; style=&#8221;vc_box_border&#8221; border_color=&#8221;black&#8221; img_hover=&#8221;blurr-invert&#8221; lightbox_gallery=&#8221;4390,4387,4384,4381,4378,4375,4372,4369,4366,4363&#8243; img_caption=&#8221;Cliquer pour visionner&#8221;][\/vc_column][vc_column width=&#8221;1\/2&#8243;][vc_text_separator title=&#8221;An Nagodo&#8221; border_width=&#8221;2&#8243; element_type=&#8221;div&#8221; font_weight=&#8221;100&#8243;][vc_single_image image=&#8221;4332&#8243; img_size=&#8221;475X317&#8243; style=&#8221;vc_box_border&#8221; border_color=&#8221;black&#8221; img_hover=&#8221;blurr-invert&#8221; lightbox_gallery=&#8221;4359,4356,4353,4350,4347,4344,4341,4338,4335,4332,4329,4326,4323,4320,4317&#8243; img_caption=&#8221;Cliquer pour visionner&#8221;][\/vc_column][\/vc_row][vc_row parallax=&#8221;on&#8221; el_class=&#8221;bottomzero&#8221; background_style=&#8221;color&#8221; contentcolorclass=&#8221;darkonlight&#8221; background_color=&#8221;#ffffff&#8221; parfactor=&#8221;5&#8243; overlay_color=&#8221;rgba(255,255,255,0.5)&#8221; toppadding=&#8221;0&#8243; bottompadding=&#8221;112&#8243; videoaspectratio=&#8221;800:450&#8243; overlay=&#8221;on&#8221; noise=&#8221;off&#8221;][vc_column width=&#8221;1\/2&#8243;][vc_text_separator title=&#8221;Entrevoix 2X&#8221; border_width=&#8221;2&#8243; element_type=&#8221;div&#8221; font_weight=&#8221;100&#8243;][vc_single_image image=&#8221;4276&#8243; img_size=&#8221;475X317&#8243; style=&#8221;vc_box_border&#8221; border_color=&#8221;black&#8221; img_hover=&#8221;blurr-invert&#8221; lightbox_gallery=&#8221;4312,4309,4306,4303,4300,4297,4294,4291,4288,4285,4282,4279,4276,4273,4270,4267,4264&#8243; img_caption=&#8221;Cliquer pour visionner&#8221;][\/vc_column][vc_column width=&#8221;1\/2&#8243;][vc_text_separator title=&#8221;Nube de Agua &#8221; border_width=&#8221;2&#8243; element_type=&#8221;div&#8221; font_weight=&#8221;100&#8243;][vc_single_image image=&#8221;4228&#8243; img_size=&#8221;475X317&#8243; style=&#8221;vc_box_border&#8221; border_color=&#8221;black&#8221; img_hover=&#8221;blurr-invert&#8221; lightbox_gallery=&#8221;4228,4225,4222,4219,4216,4213,4210,4207,4204,4201,4198&#8243; img_caption=&#8221;Cliquer pour visionner&#8221;][\/vc_column][\/vc_row][vc_row parallax=&#8221;on&#8221; background_style=&#8221;cover&#8221; contentcolorclass=&#8221;lightondark&#8221; background_color=&#8221;#ffffff&#8221; rowimage=&#8221;40&#8243; parfactor=&#8221;5&#8243; overlay_color=&#8221;rgba(73,57,47,0.85)&#8221; toppadding=&#8221;150&#8243; bottompadding=&#8221;150&#8243; videoaspectratio=&#8221;800:450&#8243; overlay=&#8221;on&#8221; noise=&#8221;off&#8221;][vc_column][vc_column_text]\n<h5>Cr\u00e9dits photographiques<\/h5>\n<p>Jean Gros-Abadie, Adrien Kara, Zaio Pier Giuseppe, Magalie Mussotte et Maria Teresa Degrandi (s\u00e9rie ELEM DO &#8211; Vignale Danza 2008)<\/p>\n[\/vc_column_text][\/vc_column][\/vc_row][vc_row parallax=&#8221;on&#8221; background_style=&#8221;cover&#8221; contentcolorclass=&#8221;lightondark&#8221; background_color=&#8221;#ffffff&#8221; rowimage=&#8221;40&#8243; parfactor=&#8221;5&#8243; overlay_color=&#8221;rgba(73,57,47,0.85)&#8221; toppadding=&#8221;150&#8243; bottompadding=&#8221;150&#8243; videoaspectratio=&#8221;800:450&#8243; overlay=&#8221;on&#8221; noise=&#8221;off&#8221;][vc_column][vc_column_text el_class=&#8221;smallGrey&#8221;]Toutes les images et photographies pr\u00e9sentes sur ce site web sont soumises \u00e0 un copyright. Elles ne peuvent \u00eatre reproduites, redistribu\u00e9es ou vendues, sans accord \u00e9crit. Toute image utilis\u00e9e sans le consentement de l\u2019auteur pourra donc faire l\u2019objet de poursuites l\u00e9gales.[\/vc_column_text][\/vc_column][\/vc_row]\n","protected":false},"excerpt":{"rendered":"<p>[vc_row full_width=&#8221;stretch_row&#8221; parallax=&#8221;on&#8221; el_class=&#8221;bottomzero&#8221; background_style=&#8221;color&#8221; contentcolorclass=&#8221;darkonlight&#8221; background_color=&#8221;#ffffff&#8221; parfactor=&#8221;5&#8243; overlay_color=&#8221;rgba(255,255,255,0.5)&#8221; toppadding=&#8221;0&#8243; bottompadding=&#8221;112&#8243; videoaspectratio=&#8221;800:450&#8243; overlay=&#8221;on&#8221; noise=&#8221;off&#8221;][vc_column][vc_column_text] Galeries d&#8217;images S\u00e9lectionner une des images avec votre dispositif de pointage afin d&#8217;ouvrir une des collections.[\/vc_column_text][\/vc_column][\/vc_row][vc_row parallax=&#8221;on&#8221; el_class=&#8221;bottomzero&#8221; background_style=&#8221;color&#8221; contentcolorclass=&#8221;darkonlight&#8221; background_color=&#8221;#ffffff&#8221; parfactor=&#8221;5&#8243; overlay_color=&#8221;rgba(255,255,255,0.5)&#8221; toppadding=&#8221;0&#8243; bottompadding=&#8221;112&#8243; videoaspectratio=&#8221;800:450&#8243;&hellip;<\/p>\n","protected":false},"author":3,"featured_media":0,"parent":0,"menu_order":0,"comment_status":"closed","ping_status":"closed","template":"","meta":{"_seopress_robots_primary_cat":"","_seopress_titles_title":"","_seopress_titles_desc":"","_seopress_robots_index":"","footnotes":""},"class_list":["post-4102","page","type-page","status-publish","hentry","entry","no-media"],"_links":{"self":[{"href":"https:\/\/www.heliotropion.fr\/it\/wp-json\/wp\/v2\/pages\/4102"}],"collection":[{"href":"https:\/\/www.heliotropion.fr\/it\/wp-json\/wp\/v2\/pages"}],"about":[{"href":"https:\/\/www.heliotropion.fr\/it\/wp-json\/wp\/v2\/types\/page"}],"author":[{"embeddable":true,"href":"https:\/\/www.heliotropion.fr\/it\/wp-json\/wp\/v2\/users\/3"}],"replies":[{"embeddable":true,"href":"https:\/\/www.heliotropion.fr\/it\/wp-json\/wp\/v2\/comments?post=4102"}],"version-history":[{"count":0,"href":"https:\/\/www.heliotropion.fr\/it\/wp-json\/wp\/v2\/pages\/4102\/revisions"}],"wp:attachment":[{"href":"https:\/\/www.heliotropion.fr\/it\/wp-json\/wp\/v2\/media?parent=4102"}],"curies":[{"name":"wp","href":"https:\/\/api.w.org\/{rel}","templated":true}]}}