{"id":8186,"date":"2017-04-13T11:03:11","date_gmt":"2017-04-13T10:03:11","guid":{"rendered":"http:\/\/www.heliotropion.fr\/?page_id=8186\/"},"modified":"2017-04-13T11:05:41","modified_gmt":"2017-04-13T10:05:41","slug":"pedagogical-actions","status":"publish","type":"page","link":"https:\/\/www.heliotropion.fr\/en\/pedagogical-actions\/","title":{"rendered":"Actions p\u00e9dagogiques EN"},"content":{"rendered":"[vc_row center_row=&#8221;yes&#8221; bg_style=&#8221;stretch&#8221;][vc_column margin_bottom=&#8221;30px&#8221;][vc_column_text css=&#8221;.vc_custom_1492077117997{padding-bottom: 30px !important;}&#8221;]\n<h1>artistic activities and educational projects<\/h1>\n[\/vc_column_text][\/vc_column][\/vc_row][vc_row center_row=&#8221;yes&#8221; bg_style=&#8221;stretch&#8221; css=&#8221;.vc_custom_1492077536175{padding-right: 20px !important;padding-left: 20px !important;}&#8221;][vc_column margin_bottom=&#8221;30px&#8221;][vc_row_inner][vc_column_inner][vc_column_text]In parallel with the realization of shows and performances, the company is developing for several years a mediation work : creative workshops mixing amateurs and professionals from different backgrounds, ages, disciplines and cultures.[\/vc_column_text][\/vc_column_inner][\/vc_row_inner][\/vc_column][\/vc_row][vc_row center_row=&#8221;yes&#8221; bg_style=&#8221;stretch&#8221; css=&#8221;.vc_custom_1492077514599{padding-right: 20px !important;padding-left: 20px !important;}&#8221;][vc_column margin_bottom=&#8221;30px&#8221;][vc_row_inner][vc_column_inner][vc_column_text]\n<h4>2015\/16<\/h4>\n<p>As part of the plan Culture and Art in middle school and in partnership with the Conseil G\u00e9n\u00e9ral de Seine-Saint-Denis and Citoyennet\u00e9 Jeunesse, Digital Body \/ poetic body in rela- tion to images. A project with pupils at J.Jorissen middle school in Drancy.[\/vc_column_text][\/vc_column_inner][\/vc_row_inner][vc_row_inner][vc_column_inner][vc_column_text]\n<h4>2014\/15<\/h4>\n<p>As part of the plan Culture and Art in middle school, In#visible \/ a project between dance and acrobatics in relation with the new creation of the company realized with SEGPA pupils at Leon Jouhaux middle school in Clichy sous Bois in partnership with the Conseil G\u00e9n\u00e9ral de la Seine-Saint-Denis and Citoyennet\u00e9 Jeunesse 93.[\/vc_column_text][\/vc_column_inner][\/vc_row_inner][vc_row_inner][vc_column_inner][\/vc_column_inner][\/vc_row_inner][\/vc_column][\/vc_row][vc_row center_row=&#8221;yes&#8221; bg_style=&#8221;stretch&#8221; css=&#8221;.vc_custom_1463509604914{padding-top: 20px !important;}&#8221;][vc_column margin_bottom=&#8221;30px&#8221;][vc_single_image image=&#8221;5579&#8243; style=&#8221;vc_box_rounded&#8221;][\/vc_column][\/vc_row][vc_row center_row=&#8221;yes&#8221; bg_style=&#8221;stretch&#8221; css=&#8221;.vc_custom_1463509518760{padding: 20px !important;}&#8221;][vc_column margin_bottom=&#8221;30px&#8221;][vc_column_text]\n<h4>2012\/19<\/h4>\n<p>Corps de Ville # part1 &#8211; Cities and people &#8211; an European project, three countries for three cities. Paris &#8211; Krakow and Turin in partnership with different cultural organizations, schools, training centers and simple inhabitants.<br \/>\nThe second part (2015\/19) will see the project take place in Cagliari, Erevan, Porto, Paris and Tunis and this second part will be based on memories : City body # 2 &#8211; between tradi- tions and modernity, the city suspended between its past and its future. For more informa- tion visit our webpage <a href=\"https:\/\/www.heliotropion.fr\/corps-de-ville\/\">Corps de ville<\/a>.[\/vc_column_text][vc_column_text]\n<h4>2008\/09<\/h4>\n<p>A dance, theater and puppets project involving 40 young disabled persons from EMPRO &#8211; Etablissement M\u00e9dico-professionnel de Suresnes &#8211; in partnership with the Jean Villar Thea- ter and the town of Suresnes.<br \/>\nFor two years this project was created by Clotilde Tiradritti, choreographer of the Helio- tropion company and Philippe Ricard, stage director of the Septembre company and with the collaboration of the whole EMPRO institute pedagogical team.[\/vc_column_text][vc_column_text]\n<h4>2004\/05<\/h4>\n<p>Ballade sous chapiteau and Ballades en Turbinet, two multidisciplinary festivals : dance, theater, circus and street arts.<br \/>\nA field work of several months with social centers the EDL Porte de Montmartre\/ Porte de Clignancourt, cultural organizations, schools, libraries and sports centers.<br \/>\nImplementation of several awareness workshops for children. Renewal of the previous year performance, slightly changing the starting formula in order to broaden the scope and really emphasizing the meeting with the audience. Hence the idea of getting out of the tent, offering a varied program in various unusual places such as urban spaces, parks &#8230;<br \/>\nThe festival became an itinerant one and change its name to Ballade in Turbinet (because of its proximity to the Binet Street).[\/vc_column_text][vc_column_text]\n<h4>2002<\/h4>\n<p>Pieds nus sur Terre (Barefoot in earth), (Paris 18\u00e9me) a dance project, storytelling and vi- sual arts realized in kindergartens.<br \/>\nFor four months the contributors of the company (Clotilde Tiradritti, dance &#8211; Isabelle Mouedeb, plastic artist &#8211; Inez De Bresson, storyteller) conducted interdisciplinary work- shops with children with the aim of achieving a final performance.[\/vc_column_text][vc_column_text]\n<h4>2001<\/h4>\n<p>Resonances (Paris 18eme) a dance and vocal project in elementary schools with the im- plementation of awareness workshops led by Clotilde Tiradritti and Anne Laure Poulain (singer and pedagogue).[\/vc_column_text][\/vc_column][\/vc_row]\n","protected":false},"excerpt":{"rendered":"<p>[vc_row center_row=&#8221;yes&#8221; bg_style=&#8221;stretch&#8221;][vc_column margin_bottom=&#8221;30px&#8221;][vc_column_text css=&#8221;.vc_custom_1492077117997{padding-bottom: 30px !important;}&#8221;] artistic activities and educational projects [\/vc_column_text][\/vc_column][\/vc_row][vc_row center_row=&#8221;yes&#8221; bg_style=&#8221;stretch&#8221; css=&#8221;.vc_custom_1492077536175{padding-right: 20px !important;padding-left: 20px !important;}&#8221;][vc_column margin_bottom=&#8221;30px&#8221;][vc_row_inner][vc_column_inner][vc_column_text]In parallel with the realization of shows and performances, the company is developing for several years a mediation work :&hellip;<\/p>\n","protected":false},"author":3,"featured_media":0,"parent":0,"menu_order":0,"comment_status":"closed","ping_status":"closed","template":"","meta":{"_seopress_robots_primary_cat":"","_seopress_titles_title":"","_seopress_titles_desc":"","_seopress_robots_index":"","footnotes":""},"class_list":["post-8186","page","type-page","status-publish","hentry","entry","no-media"],"_links":{"self":[{"href":"https:\/\/www.heliotropion.fr\/en\/wp-json\/wp\/v2\/pages\/8186"}],"collection":[{"href":"https:\/\/www.heliotropion.fr\/en\/wp-json\/wp\/v2\/pages"}],"about":[{"href":"https:\/\/www.heliotropion.fr\/en\/wp-json\/wp\/v2\/types\/page"}],"author":[{"embeddable":true,"href":"https:\/\/www.heliotropion.fr\/en\/wp-json\/wp\/v2\/users\/3"}],"replies":[{"embeddable":true,"href":"https:\/\/www.heliotropion.fr\/en\/wp-json\/wp\/v2\/comments?post=8186"}],"version-history":[{"count":0,"href":"https:\/\/www.heliotropion.fr\/en\/wp-json\/wp\/v2\/pages\/8186\/revisions"}],"wp:attachment":[{"href":"https:\/\/www.heliotropion.fr\/en\/wp-json\/wp\/v2\/media?parent=8186"}],"curies":[{"name":"wp","href":"https:\/\/api.w.org\/{rel}","templated":true}]}}